{"id":4214,"date":"2025-04-14T16:43:03","date_gmt":"2025-04-14T14:43:03","guid":{"rendered":"https:\/\/cabbsa.com\/about-us\/"},"modified":"2025-07-24T12:32:58","modified_gmt":"2025-07-24T10:32:58","slug":"about-us","status":"publish","type":"page","link":"https:\/\/cabbsa.com\/en\/about-us\/","title":{"rendered":"About Us"},"content":{"rendered":"\t\t<div data-elementor-type=\"wp-page\" data-elementor-id=\"4214\" class=\"elementor elementor-4214 elementor-691\" data-elementor-post-type=\"page\">\n\t\t\t\t<div class=\"elementor-element elementor-element-40f36c19 hero_single_proyecto e-flex e-con-boxed e-con e-parent\" data-id=\"40f36c19\" data-element_type=\"container\" data-settings=\"{&quot;background_background&quot;:&quot;classic&quot;}\">\n\t\t\t\t\t<div class=\"e-con-inner\">\n\t\t<div class=\"elementor-element elementor-element-6c3b8041 e-con-full col_single_proyecto e-flex e-con e-child\" data-id=\"6c3b8041\" data-element_type=\"container\">\n\t\t\t\t<div class=\"elementor-element elementor-element-79b635c3 elementor-widget elementor-widget-heading\" data-id=\"79b635c3\" data-element_type=\"widget\" data-widget_type=\"heading.default\">\n\t\t\t\t<div class=\"elementor-widget-container\">\n\t\t\t\t\t<h1 class=\"elementor-heading-title elementor-size-default\">About Us<\/h1>\t\t\t\t<\/div>\n\t\t\t\t<\/div>\n\t\t\t\t<div class=\"elementor-element elementor-element-592aa265 elementor-widget elementor-widget-text-editor\" data-id=\"592aa265\" data-element_type=\"widget\" data-widget_type=\"text-editor.default\">\n\t\t\t\t<div class=\"elementor-widget-container\">\n\t\t\t\t\t\t\t\t\t<p>A job well done with 100 years of history<\/p>\t\t\t\t\t\t\t\t<\/div>\n\t\t\t\t<\/div>\n\t\t\t\t<div class=\"elementor-element elementor-element-beb9450 elementor-widget elementor-widget-button\" data-id=\"beb9450\" data-element_type=\"widget\" data-widget_type=\"button.default\">\n\t\t\t\t<div class=\"elementor-widget-container\">\n\t\t\t\t\t\t\t\t\t<div class=\"elementor-button-wrapper\">\n\t\t\t\t\t<a class=\"elementor-button elementor-button-link elementor-size-sm\" href=\"https:\/\/cabbsa.com\/contacto\/\">\n\t\t\t\t\t\t<span class=\"elementor-button-content-wrapper\">\n\t\t\t\t\t\t\t\t\t<span class=\"elementor-button-text\">Contact us<\/span>\n\t\t\t\t\t<\/span>\n\t\t\t\t\t<\/a>\n\t\t\t\t<\/div>\n\t\t\t\t\t\t\t\t<\/div>\n\t\t\t\t<\/div>\n\t\t\t\t<\/div>\n\t\t\t\t<div class=\"elementor-element elementor-element-bd1e258 btright elementor-widget elementor-widget-text-editor\" data-id=\"bd1e258\" data-element_type=\"widget\" data-widget_type=\"text-editor.default\">\n\t\t\t\t<div class=\"elementor-widget-container\">\n\t\t\t\t\t\t\t\t\t<p>Gran V\u00eda 36 \u2013 Ray-Ban Flagship<\/p>\t\t\t\t\t\t\t\t<\/div>\n\t\t\t\t<\/div>\n\t\t\t\t\t<\/div>\n\t\t\t\t<\/div>\n\t\t<div class=\"elementor-element elementor-element-dd14e05 e-flex e-con-boxed e-con e-parent\" data-id=\"dd14e05\" data-element_type=\"container\">\n\t\t\t\t\t<div class=\"e-con-inner\">\n\t\t<div class=\"elementor-element elementor-element-464f6e5 e-con-full e-flex e-con e-child\" data-id=\"464f6e5\" data-element_type=\"container\">\n\t\t<div class=\"elementor-element elementor-element-045bac9 e-con-full e-flex e-con e-child\" data-id=\"045bac9\" data-element_type=\"container\" data-settings=\"{&quot;background_background&quot;:&quot;classic&quot;}\">\n\t\t\t\t<\/div>\n\t\t<div class=\"elementor-element elementor-element-adfd957 e-con-full e-flex e-con e-child\" data-id=\"adfd957\" data-element_type=\"container\">\n\t\t\t\t<div class=\"elementor-element elementor-element-dec833b elementor-widget elementor-widget-heading\" data-id=\"dec833b\" data-element_type=\"widget\" data-widget_type=\"heading.default\">\n\t\t\t\t<div class=\"elementor-widget-container\">\n\t\t\t\t\t<h2 class=\"elementor-heading-title elementor-size-default\">A century of solid leadership<\/h2>\t\t\t\t<\/div>\n\t\t\t\t<\/div>\n\t\t\t\t<div class=\"elementor-element elementor-element-1e958e8 elementor-widget elementor-widget-text-editor\" data-id=\"1e958e8\" data-element_type=\"widget\" data-widget_type=\"text-editor.default\">\n\t\t\t\t<div class=\"elementor-widget-container\">\n\t\t\t\t\t\t\t\t\t<p>Cabbsa was founded in 1926 by \u00c1ngel Bernardo Beltr\u00e1n. After him, his two sons, two business leaders, Don Bernardo and Don \u00c1ngel C\u00e9sar Beltr\u00e1n, consolidated the company as a reference company in the construction sector in Spain. The family and the management team continue with their commitment to their clients.<\/p>\t\t\t\t\t\t\t\t<\/div>\n\t\t\t\t<\/div>\n\t\t\t\t<div class=\"elementor-element elementor-element-552096e elementor-widget elementor-widget-text-editor\" data-id=\"552096e\" data-element_type=\"widget\" data-widget_type=\"text-editor.default\">\n\t\t\t\t<div class=\"elementor-widget-container\">\n\t\t\t\t\t\t\t\t\t<p>Cabbsa, in this century of existence, has had the ability to adapt to the times and the demands of a highly competitive market such as construction and rehabilitation. It is during all this time that Cabbsa has consolidated its prestige as a company of the highest technical capacity (having carried out unique works throughout Spain and Europe).<\/p>\t\t\t\t\t\t\t\t<\/div>\n\t\t\t\t<\/div>\n\t\t\t\t<div class=\"elementor-element elementor-element-8cca681 elementor-widget elementor-widget-button\" data-id=\"8cca681\" data-element_type=\"widget\" data-widget_type=\"button.default\">\n\t\t\t\t<div class=\"elementor-widget-container\">\n\t\t\t\t\t\t\t\t\t<div class=\"elementor-button-wrapper\">\n\t\t\t\t\t<a class=\"elementor-button elementor-button-link elementor-size-sm\" href=\"https:\/\/cabbsa.com\/equipo-tecnico\/\">\n\t\t\t\t\t\t<span class=\"elementor-button-content-wrapper\">\n\t\t\t\t\t\t\t\t\t<span class=\"elementor-button-text\">Get to know us<\/span>\n\t\t\t\t\t<\/span>\n\t\t\t\t\t<\/a>\n\t\t\t\t<\/div>\n\t\t\t\t\t\t\t\t<\/div>\n\t\t\t\t<\/div>\n\t\t\t\t<\/div>\n\t\t<div class=\"elementor-element elementor-element-f4e50db e-con-full e-flex e-con e-child\" data-id=\"f4e50db\" data-element_type=\"container\">\n\t\t\t\t<div class=\"elementor-element elementor-element-3d11362 elementor-widget elementor-widget-text-editor\" data-id=\"3d11362\" data-element_type=\"widget\" data-widget_type=\"text-editor.default\">\n\t\t\t\t<div class=\"elementor-widget-container\">\n\t\t\t\t\t\t\t\t\t<p>Dome of San Pietro in Montorio, Rome<\/p>\t\t\t\t\t\t\t\t<\/div>\n\t\t\t\t<\/div>\n\t\t\t\t<\/div>\n\t\t\t\t<\/div>\n\t\t\t\t\t<\/div>\n\t\t\t\t<\/div>\n\t\t\t\t<\/div>\n\t\t","protected":false},"excerpt":{"rendered":"<p>A job well done with 100 years of history Contact us Gran V\u00eda 36 \u2013 Ray-Ban Flagship A century of solid leadership Cabbsa was founded in 1926 by \u00c1ngel Bernardo Beltr\u00e1n. After him, his two sons, two business leaders, Don Bernardo and Don \u00c1ngel C\u00e9sar Beltr\u00e1n, consolidated the company as a reference company in the [&hellip;]<\/p>\n","protected":false},"author":1,"featured_media":0,"parent":0,"menu_order":0,"comment_status":"closed","ping_status":"closed","template":"","meta":{"_acf_changed":false,"footnotes":""},"class_list":["post-4214","page","type-page","status-publish","hentry"],"acf":[],"_links":{"self":[{"href":"https:\/\/cabbsa.com\/en\/wp-json\/wp\/v2\/pages\/4214","targetHints":{"allow":["GET"]}}],"collection":[{"href":"https:\/\/cabbsa.com\/en\/wp-json\/wp\/v2\/pages"}],"about":[{"href":"https:\/\/cabbsa.com\/en\/wp-json\/wp\/v2\/types\/page"}],"author":[{"embeddable":true,"href":"https:\/\/cabbsa.com\/en\/wp-json\/wp\/v2\/users\/1"}],"replies":[{"embeddable":true,"href":"https:\/\/cabbsa.com\/en\/wp-json\/wp\/v2\/comments?post=4214"}],"version-history":[{"count":1,"href":"https:\/\/cabbsa.com\/en\/wp-json\/wp\/v2\/pages\/4214\/revisions"}],"predecessor-version":[{"id":4215,"href":"https:\/\/cabbsa.com\/en\/wp-json\/wp\/v2\/pages\/4214\/revisions\/4215"}],"wp:attachment":[{"href":"https:\/\/cabbsa.com\/en\/wp-json\/wp\/v2\/media?parent=4214"}],"curies":[{"name":"wp","href":"https:\/\/api.w.org\/{rel}","templated":true}]}}